{"id":6509,"date":"2024-02-02T12:16:35","date_gmt":"2024-02-02T11:16:35","guid":{"rendered":"https:\/\/www.holgerkuesters.com\/?page_id=6509"},"modified":"2025-06-05T11:35:50","modified_gmt":"2025-06-05T09:35:50","slug":"faq","status":"publish","type":"page","link":"https:\/\/www.holgerkuesters.com\/?page_id=6509","title":{"rendered":"FAQ"},"content":{"rendered":"<div  class=\"one withsmallpadding ppb_header \" style=\"text-align:center;padding:30px 0 30px 0;\" >\n<div class=\"standard_wrapper\">\n<div class=\"page_content_wrapper\">\n<div class=\"inner\">\n<div style=\"margin:auto;width:80%\">\n<h2 class=\"ppb_title\" style=\"\">FAQ<\/h2>\n<hr class=\"title_break center\" style=\"\"\/>\n<div class=\"ppb_header_content\">\n<p>Hier m\u00f6chten wir eventuelle Fragen vorab beantworten, wenn Du weitere Fragen haben solltest, kontaktiere Uns gerne.<\/p>\n<\/div>\n<\/div>\n<\/div>\n<\/div>\n<\/div>\n<\/div>\n<div  class=\"one withsmallpadding ppb_text\" style=\"padding:30px 0 30px 0;\" >\n<div class=\"standard_wrapper\">\n<div class=\"page_content_wrapper\">\n<div class=\"inner\">\n<div style=\"margin:auto;width:60%\">\n<p style=\"color: #222222; text-align: center;\"><strong>Die 5 W\u00b4s damit ich ein Angebot erstellen kann<\/strong><\/p>\n<ul style=\"color: #222222;\">\n<li style=\"text-align: left;\"><em style=\"font-weight: inherit; font-style: italic;\">Wann?\u00a0 \u00a0 \u00a0 \u00a0 \u00a0 \u00a0 (Datum, ungef\u00e4hre Uhrzeit)<\/em><\/li>\n<li style=\"text-align: left;\"><span style=\"font-weight: inherit; font-style: italic;\">Was ?\u00a0 \u00a0 \u00a0 \u00a0 \u00a0 \u00a0 \u00a0 (Hochzeitsbilder, Business, Fotoshooting, &#8230;)<\/span><\/li>\n<li style=\"text-align: left;\"><em style=\"font-weight: inherit; font-style: italic;\">Wo?\u00a0 \u00a0 \u00a0 \u00a0 \u00a0 \u00a0 \u00a0 \u00a0 \u00a0(falls es ein spezieller Ort, Geb\u00e4ude sein soll)<\/em><\/li>\n<li style=\"text-align: left;\">Wof\u00fcr ?\u00a0 \u00a0 \u00a0 \u00a0 \u00a0 (Privat, Business, Sedcard, Influencer)<\/li>\n<li style=\"text-align: left;\">Wie lange?\u00a0 \u00a0 (ungef\u00e4hre Dauer, wenn diese bekannt ist)<\/li>\n<\/ul>\n<\/div>\n<\/div>\n<\/div>\n<\/div>\n<\/div>\n<div  class=\"one withsmallpadding ppb_text\" style=\"padding:30px 0 30px 0;\" >\n<div class=\"standard_wrapper\">\n<div class=\"page_content_wrapper\">\n<div class=\"inner\">\n<div style=\"margin:auto;width:60%\">\n<p style=\"text-align: center;\"><strong>Pers\u00f6nliches Kennenlernen<\/strong><\/p>\n<p style=\"text-align: justify;\">Wenn euer Bauch euch sagt, irgendwie passt es nicht oder die Chemie stimmt nicht, k\u00f6nnt ihr dies jederzeit sagen. Nur wenn Ihr euch wohl f\u00fchlt entstehen sch\u00f6ne Bilder. Deshalb ist es uns Wichtig vorab ein Gespr\u00e4ch zu f\u00fchren, damit wir euer Vertrauen erlangen und eure Unsicherheiten und Sorgen minimieren k\u00f6nnen.<\/p>\n<\/div>\n<\/div>\n<\/div>\n<\/div>\n<\/div>\n<div  class=\"one withsmallpadding ppb_text\" style=\"padding:30px 0 30px 0;\" >\n<div class=\"standard_wrapper\">\n<div class=\"page_content_wrapper\">\n<div class=\"inner\">\n<div style=\"margin:auto;width:60%\">\n<p style=\"text-align: center;\"><span style=\"text-decoration: underline;\"><strong>Werden meine \/ unsere Bilder ver\u00f6ffentlicht?<\/strong><\/span><\/p>\n<p style=\"text-align: center;\">Ihre \/ Eure Bilder werden niemals ohne Einverst\u00e4ndnis (Vertrag) ver\u00f6ffentlicht.<\/p>\n<\/div>\n<\/div>\n<\/div>\n<\/div>\n<\/div>\n<div  class=\"one withsmallpadding ppb_text\" style=\"padding:30px 0 30px 0;\" >\n<div class=\"standard_wrapper\">\n<div class=\"page_content_wrapper\">\n<div class=\"inner\">\n<div style=\"margin:auto;width:100%\">\n<p style=\"text-align: center;\"><strong>Muss vorher einen Termin vereinbaren?<\/strong><\/p>\n<p style=\"text-align: center;\">Definitiv &#8222;Ja&#8220;.<\/p>\n<\/div>\n<\/div>\n<\/div>\n<\/div>\n<\/div>\n<div  class=\"one withsmallpadding ppb_text\" style=\"padding:30px 0 30px 0;\" >\n<div class=\"standard_wrapper\">\n<div class=\"page_content_wrapper\">\n<div class=\"inner\">\n<div style=\"margin:auto;width:60%\">\n<p style=\"text-align: center;\"><strong>Wie erhalte ich meine Bilder ?<\/strong><\/p>\n<p style=\"text-align: justify;\">Wir stellen die besten Bilder in einer pers\u00f6nlichen Online-Galerie zur Verf\u00fcgung. Dort triffst Du \/ Ihr eure Auswahl ohne Zeitdruck und wir bearbeiten die ausgesuchten Bilder. Anschlie\u00dfend k\u00f6nnt Ihr die Bilder entweder pers\u00f6nlich abholen oder wir versenden\u00a0 diese. Willst Du die Bilder rein &#8222;Digital&#8220; dann stellen wir Dir \/ Euch diese zum Pers\u00f6nlichen Download bereit.<\/p>\n<\/div>\n<\/div>\n<\/div>\n<\/div>\n<\/div>\n<div  class=\"one withsmallpadding ppb_text\" style=\"padding:30px 0 30px 0;\" >\n<div class=\"standard_wrapper\">\n<div class=\"page_content_wrapper\">\n<div class=\"inner\">\n<div style=\"margin:auto;width:60%\">\n<p style=\"text-align: center;\"><strong>Hochzeitsfotos: Was passiert bei Regen?<\/strong><\/p>\n<p style=\"text-align: justify;\">Bei Hochzeiten haben wir die Variante einer Ausweichlocation die wir vorab definiert haben oder wir nutzen den Regen f\u00fcr au\u00dfergew\u00f6hnliche Bilder. Genauso ist es m\u00f6glich die Bilder bei einem After Wedding Shooting im nachhinein zu machen.<\/p>\n<\/div>\n<\/div>\n<\/div>\n<\/div>\n<\/div>\n","protected":false},"excerpt":{"rendered":"","protected":false},"author":1,"featured_media":0,"parent":0,"menu_order":0,"comment_status":"closed","ping_status":"closed","template":"","meta":{"footnotes":""},"class_list":["post-6509","page","type-page","status-publish","hentry"],"aioseo_notices":[],"_links":{"self":[{"href":"https:\/\/www.holgerkuesters.com\/index.php?rest_route=\/wp\/v2\/pages\/6509","targetHints":{"allow":["GET"]}}],"collection":[{"href":"https:\/\/www.holgerkuesters.com\/index.php?rest_route=\/wp\/v2\/pages"}],"about":[{"href":"https:\/\/www.holgerkuesters.com\/index.php?rest_route=\/wp\/v2\/types\/page"}],"author":[{"embeddable":true,"href":"https:\/\/www.holgerkuesters.com\/index.php?rest_route=\/wp\/v2\/users\/1"}],"replies":[{"embeddable":true,"href":"https:\/\/www.holgerkuesters.com\/index.php?rest_route=%2Fwp%2Fv2%2Fcomments&post=6509"}],"version-history":[{"count":15,"href":"https:\/\/www.holgerkuesters.com\/index.php?rest_route=\/wp\/v2\/pages\/6509\/revisions"}],"predecessor-version":[{"id":6758,"href":"https:\/\/www.holgerkuesters.com\/index.php?rest_route=\/wp\/v2\/pages\/6509\/revisions\/6758"}],"wp:attachment":[{"href":"https:\/\/www.holgerkuesters.com\/index.php?rest_route=%2Fwp%2Fv2%2Fmedia&parent=6509"}],"curies":[{"name":"wp","href":"https:\/\/api.w.org\/{rel}","templated":true}]}}