{"id":6574,"date":"2024-09-23T12:19:06","date_gmt":"2024-09-23T10:19:06","guid":{"rendered":"https:\/\/www.holgerkuesters.com\/?page_id=6574"},"modified":"2025-08-28T11:06:48","modified_gmt":"2025-08-28T09:06:48","slug":"babybauch-fashion-portraits-boudoir-sensual-akt","status":"publish","type":"page","link":"https:\/\/www.holgerkuesters.com\/?page_id=6574","title":{"rendered":"Babybauch \/ Kids \/ P\u00e4rchen \/ Familienfotos \/ Fashion \/ Portraits \/ Boudoir \/ Sensual \/ Akt"},"content":{"rendered":"<div class=\"standard_wrapper\">\n<div  class=\"one_fourth withsmallpadding ppb_text\" style=\"padding:30px 0 30px 0;\" >\n<div class=\"standard_wrapper\">\n<div class=\"page_content_wrapper\">\n<div class=\"inner\">\n<div style=\"margin:auto;width:100%\">\n<p><img decoding=\"async\" src=\"https:\/\/www.holgerkuesters.com\/wp-content\/uploads\/2022\/07\/mainlogo-300x205.jpg\" alt=\"\" \/><\/p>\n<p><em><strong>Fotoshootings<\/strong><\/em><\/p>\n<p style=\"text-align: justify;\">Unsere Bilder sollen ber\u00fchren und inspirieren und es macht uns Freude, wenn wir Menschen zeigen k\u00f6nnen, wie toll Du aussiehst. Das Bild soll Geschichten erz\u00e4hlen, Emotionen erwecken und sp\u00e4ter Erinnerungen geben.<\/p>\n<p style=\"text-align: justify;\">Wir k\u00f6nnen das Shooting bei Dir zu Hause umsetzen oder wir fahren in eine alte Fabrik oder oder oder. Wir k\u00f6nnen dein Hobby ber\u00fccksichtigen oder fertigen Fotos f\u00fcr eine Dating APP,\u2026<\/p>\n<p><em><strong><a title=\"Fotoshooting\u00b4s\" href=\"https:\/\/www.holgerkuesters.com\/?portfolios=fotoshooting\">weitere Informationen<\/a><\/strong><\/em><\/p>\n<\/div>\n<\/div>\n<\/div>\n<\/div>\n<\/div>\n<\/div>\n<div class=\"standard_wrapper\">\n<div  class=\"one_fourth withsmallpadding ppb_text\" style=\"padding:30px 0 30px 0;\" >\n<div class=\"standard_wrapper\">\n<div class=\"page_content_wrapper\">\n<div class=\"inner\">\n<div style=\"margin:auto;width:100%\">\n<p><img decoding=\"async\" src=\"https:\/\/www.holgerkuesters.com\/wp-content\/uploads\/2018\/08\/DSC00577-sw-200x300.jpg\" alt=\"\" \/><\/p>\n<p style=\"text-align: justify;\"><strong>Babybauch Fotos<\/strong><\/p>\n<p style=\"text-align: justify;\">Ein Babybauch Shooting mit wundervollen Erinnerungen, an eine aufregende Zeit voller Vorfreude. Wir empfehlen die Babybauch Fotos ab ca. der 31 SSW, damit der Bauch gut sichtbar ist. Zus\u00e4tzliche Idee, halte die einzelnen Stadien der Schwangerschaft fest. Gerne stehen wir Dir bei den einzelnen Etappen bis zur Geburt zur Verf\u00fcgung und wir erstellen eine wundervolle Collage aus den einzelnen Bildern.<\/p>\n<p>\u00a0<em><strong><a title=\"Schwangerschaft\" href=\"https:\/\/www.holgerkuesters.com\/?portfolios=schwangerschaft\">weitere Informationen<\/a><\/strong><\/em><\/p>\n<\/div>\n<\/div>\n<\/div>\n<\/div>\n<\/div>\n<\/div>\n<div class=\"standard_wrapper\">\n<div  class=\"one_fourth withsmallpadding ppb_text\" style=\"padding:30px 0 30px 0;\" >\n<div class=\"standard_wrapper\">\n<div class=\"page_content_wrapper\">\n<div class=\"inner\">\n<div style=\"margin:auto;width:100%\">\n<p><img decoding=\"async\" src=\"https:\/\/www.holgerkuesters.com\/wp-content\/uploads\/2019\/10\/DSC05762-300x200.jpg\" alt=\"\" \/><\/p>\n<p style=\"color: #222222;\"><strong>Kids<\/strong><\/p>\n<p style=\"color: #222222; text-align: justify;\">Jede Mutter und jeder Vater wird versichern, Kinder werden viel zu schnell gro\u00df. Genie\u00dft die Zeit, in der Ihr mit eurem noch kleinen Kindern lachen und ihnen die Welt zeigen k\u00f6nnt.<\/p>\n<p style=\"color: #222222; text-align: justify;\">Wir helfen Euch dabei, dass Ihr euch auch sp\u00e4ter noch an diese sch\u00f6ne Zeit erinnern k\u00f6nnt. Egal ob bei Euch Zuhause, im Studio oder z.B. Im Herbstlaub\u2026<\/p>\n<p><em><strong><a title=\"Kids\" href=\"https:\/\/www.holgerkuesters.com\/?portfolios=kids\">weitere Informationen<\/a><\/strong><\/em><\/p>\n<\/div>\n<\/div>\n<\/div>\n<\/div>\n<\/div>\n<\/div>\n<div class=\"standard_wrapper\">\n<div  class=\"one_fourth last withsmallpadding ppb_text\" style=\"padding:30px 0 30px 0;\" >\n<div class=\"standard_wrapper\">\n<div class=\"page_content_wrapper\">\n<div class=\"inner\">\n<div style=\"margin:auto;width:100%\">\n<p><img decoding=\"async\" src=\"https:\/\/www.holgerkuesters.com\/wp-content\/uploads\/2024\/09\/Familiensh1-300x253.jpg\" alt=\"\" \/><\/p>\n<p style=\"color: #222222;\"><strong>P\u00e4rchen \/ Familienfotos\u00a0<\/strong><\/p>\n<p style=\"text-align: justify;\"><span style=\"color: #222222;\">Fotos von Euch machen sich super an der Wand und sind auch immer wieder ein gern gesehenes Geschenk. Welche Oma hat nicht gern ein Foto seiner Kinder und Enkel Zuhause.<\/span><\/p>\n<p style=\"color: #222222; text-align: justify;\">Egal ob klassisch mit einfarbigen Hintergrund oder locker und herumalbernd auf der Couch oder Outdoor im Wald \/ Park oder am See. Es gibt unz\u00e4hlige M\u00f6glichkeiten.<\/p>\n<p><em><strong><a title=\"P\u00e4rchen \/ Familienfotos\" href=\"https:\/\/www.holgerkuesters.com\/?page_id=6591\">weitere Informationen<\/a><\/strong><\/em><\/p>\n<\/div>\n<\/div>\n<\/div>\n<\/div>\n<\/div>\n<\/div>\n","protected":false},"excerpt":{"rendered":"","protected":false},"author":1,"featured_media":0,"parent":0,"menu_order":0,"comment_status":"closed","ping_status":"closed","template":"","meta":{"footnotes":""},"class_list":["post-6574","page","type-page","status-publish","hentry"],"aioseo_notices":[],"_links":{"self":[{"href":"https:\/\/www.holgerkuesters.com\/index.php?rest_route=\/wp\/v2\/pages\/6574","targetHints":{"allow":["GET"]}}],"collection":[{"href":"https:\/\/www.holgerkuesters.com\/index.php?rest_route=\/wp\/v2\/pages"}],"about":[{"href":"https:\/\/www.holgerkuesters.com\/index.php?rest_route=\/wp\/v2\/types\/page"}],"author":[{"embeddable":true,"href":"https:\/\/www.holgerkuesters.com\/index.php?rest_route=\/wp\/v2\/users\/1"}],"replies":[{"embeddable":true,"href":"https:\/\/www.holgerkuesters.com\/index.php?rest_route=%2Fwp%2Fv2%2Fcomments&post=6574"}],"version-history":[{"count":16,"href":"https:\/\/www.holgerkuesters.com\/index.php?rest_route=\/wp\/v2\/pages\/6574\/revisions"}],"predecessor-version":[{"id":7000,"href":"https:\/\/www.holgerkuesters.com\/index.php?rest_route=\/wp\/v2\/pages\/6574\/revisions\/7000"}],"wp:attachment":[{"href":"https:\/\/www.holgerkuesters.com\/index.php?rest_route=%2Fwp%2Fv2%2Fmedia&parent=6574"}],"curies":[{"name":"wp","href":"https:\/\/api.w.org\/{rel}","templated":true}]}}