{"id":6620,"date":"2024-09-24T09:59:46","date_gmt":"2024-09-24T07:59:46","guid":{"rendered":"https:\/\/www.holgerkuesters.com\/?page_id=6620"},"modified":"2026-03-12T15:03:11","modified_gmt":"2026-03-12T14:03:11","slug":"photobooth-fotobox","status":"publish","type":"page","link":"https:\/\/www.holgerkuesters.com\/?page_id=6620","title":{"rendered":"Photobooth \/ Fotobox"},"content":{"rendered":"<div  class=\"one withsmallpadding ppb_header \" style=\"text-align:center;padding:30px 0 30px 0;\" >\n<div class=\"standard_wrapper\">\n<div class=\"page_content_wrapper\">\n<div class=\"inner\">\n<div style=\"margin:auto;width:100%\">\n<h2 class=\"ppb_title\" style=\"\">Photobooth \/ Fotobox<\/h2>\n<hr class=\"title_break center\" style=\"\"\/>\n<div class=\"ppb_header_content\">\n<p><em>Au\u00dfergew\u00f6hnliche Retro \/ Steam Punk Optik und hochwertige Technik vereint<\/em><\/p>\n<\/div>\n<\/div>\n<\/div>\n<\/div>\n<\/div>\n<\/div>\n<div  class=\"one withsmallpadding ppb_text\" style=\"padding:5px 0 5px 0;\" >\n<div class=\"standard_wrapper\">\n<div class=\"page_content_wrapper\">\n<div class=\"inner\">\n<div style=\"margin:auto;width:100%\">\n<p><a href=\"https:\/\/www.holgerkuesters.com\/?page_id=7286\"><img loading=\"lazy\" decoding=\"async\" class=\"wp-image-7147 aligncenter\" src=\"https:\/\/www.holgerkuesters.com\/wp-content\/uploads\/2026\/03\/anfragebutton-1.png\" alt=\"\" width=\"105\" height=\"105\" \/><\/a><\/p>\n<\/div>\n<\/div>\n<\/div>\n<\/div>\n<\/div>\n<div class=\"standard_wrapper\">\n<div  class=\"one_third withsmallpadding ppb_text\" style=\"padding:30px 0 30px 0;\" >\n<div class=\"standard_wrapper\">\n<div class=\"page_content_wrapper\">\n<div class=\"inner\">\n<div style=\"margin:auto;width:100%\">\n<p><img loading=\"lazy\" decoding=\"async\" src=\"https:\/\/www.holgerkuesters.com\/wp-content\/uploads\/2026\/01\/Fotobox-Bild2026-211x300.png\" alt=\"\" width=\"314\" height=\"446\" \/><\/p>\n<\/div>\n<\/div>\n<\/div>\n<\/div>\n<\/div>\n<\/div>\n<div class=\"standard_wrapper\">\n<div  class=\"one_third withsmallpadding ppb_text\" style=\"padding:30px 0 30px 0;\" >\n<div class=\"standard_wrapper\">\n<div class=\"page_content_wrapper\">\n<div class=\"inner\">\n<div style=\"margin:auto;width:100%\">\n<p style=\"color: #222222;\"><strong>Paket Basic (ohne Druck)<\/strong><\/p>\n<ul style=\"color: #222222;\">\n<li style=\"font-weight: inherit; font-style: inherit;\"><em style=\"font-weight: inherit; font-style: italic;\">kinderleichte Bedienung per Touchscreen<\/em><\/li>\n<li><em style=\"font-weight: inherit; font-style: italic;\">Live Vorschau<\/em><\/li>\n<li style=\"font-weight: inherit; font-style: inherit;\"><em style=\"font-weight: inherit; font-style: italic;\">Spiegelreflexkamera keine billige Webcam<\/em><\/li>\n<li style=\"font-weight: inherit; font-style: inherit;\"><em style=\"font-weight: inherit; font-style: italic;\">Studioblitzanlage mit Beauty Dish statt Dauerlicht<\/em><\/li>\n<li style=\"font-weight: inherit; font-style: inherit;\">Sockel mit Farblich anpassbarer Beleuchtung<\/li>\n<li style=\"font-weight: inherit; font-style: inherit;\"><em style=\"font-weight: inherit; font-style: italic;\">Foto Flatrat \u2013 Digitalfotos<\/em><\/li>\n<li>individuelles Design, Overlay Effekte, Digital Probs<\/li>\n<li>Fotos per QR Code aufs Handy (WLAN notwendig)<\/li>\n<li style=\"font-weight: inherit; font-style: inherit;\"><em style=\"font-weight: inherit; font-style: italic;\">Koffer mit Requisiten (H\u00fcte, Per\u00fccken, Luftgitarren, Brillen,\u2026)<\/em><\/li>\n<li style=\"font-weight: inherit; font-style: inherit;\"><em style=\"font-weight: inherit; font-style: italic;\">Passwortgesch\u00fctzte Online-Galerie mit Downloadfunktion<\/em><\/li>\n<li style=\"font-weight: inherit; font-style: inherit;\"><em style=\"font-weight: inherit; font-style: italic;\">Fotos auf Wunsch auch per USB Stick<\/em><\/li>\n<li style=\"font-weight: inherit; font-style: inherit;\"><em style=\"font-weight: inherit; font-style: italic;\">Inkl. Lieferung, Abholung, Aufbau (Unna 15km, dann 0,70\u20ac\/km)<\/em><\/li>\n<\/ul>\n<p style=\"color: #222222;\"><strong>199\u20ac<\/strong><\/p>\n<\/div>\n<\/div>\n<\/div>\n<\/div>\n<\/div>\n<\/div>\n<div class=\"standard_wrapper\">\n<div  class=\"one_third last withsmallpadding ppb_text\" style=\"padding:30px 0 30px 0;\" >\n<div class=\"standard_wrapper\">\n<div class=\"page_content_wrapper\">\n<div class=\"inner\">\n<div style=\"margin:auto;width:100%\">\n<p><strong>Druck Paket Pro<\/strong><\/p>\n<ul style=\"color: #222222;\">\n<li><em>Basis Paket +\u00a0Profidrucker<\/em><\/li>\n<li><em>telefonische Erreichbarkeit<\/em><\/li>\n<li><em>bis zu 400 Ausdrucke<\/em><\/li>\n<\/ul>\n<p><strong style=\"color: #222222;\">299\u20ac<\/strong><\/p>\n<h3><span style=\"color: #ff0000;\"><strong>Unlimited<\/strong><\/span><\/h3>\n<ul>\n<li><em>Basis Paket +\u00a0Profidrucker<\/em><\/li>\n<li style=\"font-weight: inherit; font-style: inherit;\"><em style=\"font-weight: inherit; font-style: italic;\">inkl. Hintergrundsystem und Stoff<br \/>\n<\/em><\/li>\n<li style=\"font-weight: inherit; font-style: inherit;\">inkl. Betreuung vor Ort<\/li>\n<\/ul>\n<p><strong>Preis auf Anfrage<\/strong><\/p>\n<p>\u00a0<\/p>\n<h4><span style=\"color: #ff6600;\"><em><strong>Businesspreise auf Anfrage!<\/strong><\/em><\/span><\/h4>\n<\/div>\n<\/div>\n<\/div>\n<\/div>\n<\/div>\n<\/div>\n<div class=\"standard_wrapper\">\n<div  class=\"two_third withsmallpadding ppb_text\" style=\"padding:30px 0 30px 0;\" >\n<div class=\"standard_wrapper\">\n<div class=\"page_content_wrapper\">\n<div class=\"inner\">\n<div style=\"margin:auto;width:100%\">\n<p><strong>Optional:<\/strong><\/p>\n<p><img loading=\"lazy\" decoding=\"async\" class=\"alignleft\" src=\"https:\/\/www.holgerkuesters.com\/wp-content\/uploads\/2026\/01\/Hintergrundsystem01.jpg\" alt=\"\" width=\"220\" height=\"220\" \/><\/p>\n<p>\u00a0<\/p>\n<p>\u00a0<\/p>\n<p>\u00a0<\/p>\n<p>\u00a0<\/p>\n<p>\u00a0<\/p>\n<p>\u00a0<\/p>\n<p><em style=\"font-weight: inherit; font-style: italic;\"><strong>+25\u20ac<\/strong> Hintergrundsystem inkl. Stoffe<\/em><\/p>\n<p><img loading=\"lazy\" decoding=\"async\" class=\"alignnone wp-image-7133\" src=\"https:\/\/www.holgerkuesters.com\/wp-content\/uploads\/2026\/01\/Hintergrundsystem02-300x288.jpg\" alt=\"\" width=\"126\" height=\"121\" \/>\u00a0<img loading=\"lazy\" decoding=\"async\" class=\"alignnone wp-image-7134\" src=\"https:\/\/www.holgerkuesters.com\/wp-content\/uploads\/2026\/01\/Hintergrundsystem03-300x246.jpg\" alt=\"\" width=\"147\" height=\"121\" \/>\u00a0<img loading=\"lazy\" decoding=\"async\" class=\"alignnone wp-image-7135\" src=\"https:\/\/www.holgerkuesters.com\/wp-content\/uploads\/2026\/01\/Hintergrundsystem04-300x211.jpg\" alt=\"\" width=\"171\" height=\"120\" \/><img loading=\"lazy\" decoding=\"async\" class=\"alignnone wp-image-7131\" src=\"https:\/\/www.holgerkuesters.com\/wp-content\/uploads\/2026\/01\/Hintergrundsystem05-289x300.jpg\" alt=\"\" width=\"116\" height=\"115\" \/><\/p>\n<\/div>\n<\/div>\n<\/div>\n<\/div>\n<\/div>\n<\/div>\n<div class=\"standard_wrapper\">\n<div  class=\"one_third last withsmallpadding ppb_text\" style=\"padding:30px 0 30px 0;\" >\n<div class=\"standard_wrapper\">\n<div class=\"page_content_wrapper\">\n<div class=\"inner\">\n<div style=\"margin:auto;width:100%\">\n<p style=\"text-align: justify;\"><strong>Was macht Unsere Fotobox so besonders?<\/strong><\/p>\n<ul>\n<li><em>Unsere Fotobox ist ein handgefertigtes Einzelst\u00fcck in Retro \/ Steampunk Optik<\/em><\/li>\n<li><em>Spiegelreflexkamera und keine billige Webcam<\/em><\/li>\n<li><em>einstellbarer Studioblitz<\/em><\/li>\n<li style=\"font-weight: inherit; font-style: inherit;\"><em>Sockel mit einstellbarer farblicher Beleuchtung<\/em><\/li>\n<li style=\"font-weight: inherit; font-style: inherit;\"><em>individuelles Design, Overlay Effekte, Digital Probs<\/em><\/li>\n<li style=\"font-weight: inherit; font-style: inherit;\"><em>Fotos per QR Code aufs Handy (WLAN notwendig)<\/em><\/li>\n<li><em>inkl. Lieferung, Abholung, Aufbau\u00a0<\/em><\/li>\n<li><em>schneller Profidrucker DNP (je nach Paket)<\/em><\/li>\n<li><em>Hintergrundsystem (je nach Paket, Optional)<\/em><\/li>\n<li><em>Betreuung vor Ort (je nach Paket, Optional)<\/em><\/li>\n<\/ul>\n<\/div>\n<\/div>\n<\/div>\n<\/div>\n<\/div>\n<\/div>\n<div  class=\"one withsmallpadding ppb_text\" style=\"padding:30px 0 30px 0;\" >\n<div class=\"standard_wrapper\">\n<div class=\"page_content_wrapper\">\n<div class=\"inner\">\n<div style=\"margin:auto;width:100%\">\n<p><strong>Wichtige Informationen: <\/strong><\/p>\n<p><strong>Was wird ben\u00f6tigt?<\/strong><\/p>\n<p><em>Wir empfehlen eine Stellfl\u00e4che von 3 x 3 Metern und ben\u00f6tigen eine Steckdose im Umkreis von 5 Metern.<\/em><\/p>\n<p><strong>Wie lange dauert der Aufbau?<\/strong><\/p>\n<p>Wir ben\u00f6tigen ca. 40 Minuten f\u00fcr den Aufbau wenn alles vorab gekl\u00e4rt wurde wo die Box aufgebaut werden soll.<\/p>\n<p><strong>Werden alle geschossenen Bilder automatisch ausgedruckt?<\/strong><\/p>\n<p style=\"text-align: justify;\"><em>Ihr k\u00f6nnt nach jedem gemachten Foto entscheiden (Print Button), ob das Foto gedruckt werden soll oder nicht. Dadurch verschwendet ihr keine Drucke f\u00fcr ungewollte Bilder. Solltet ihr euch jedoch w\u00fcnschen, dass jedes Foto automatisch gedruckt wird, stellen wir das gern f\u00fcr euch ein.<\/em><\/p>\n<p><strong>Kann die Fotobox nach Anzahl gebuchter Drucke noch genutzt werden?<\/strong><\/p>\n<p style=\"text-align: justify;\"><em>Ja klar, wenn die Anzahl gebuchter Drucke aufgebraucht ist, k\u00f6nnt Ihr weitermachen, nur die Druckfunktion schaltet sich ab. Die Fotos werden alle gespeichert und sind anschlie\u00dfend online zug\u00e4nglich.<\/em><\/p>\n<p><strong>Sind meine Daten und Fotos sicher?<\/strong><\/p>\n<p style=\"text-align: justify;\"><em>Auf jeden Fall! Wir behandeln die Fotos, die mit der Fotobox erstellt werden, absolut vertraulich! <\/em><\/p>\n<p><strong>Sauberkeit<\/strong><\/p>\n<p><em>Wir desinfizieren \/ waschen nach jeder Buchung unsere Requisiten<\/em><\/p>\n<p><strong>Wie bekomme ich die Bilder?<\/strong><\/p>\n<p style=\"text-align: justify;\"><em>Alle Fotos werden in einer Password gesch\u00fctzten Online Galerie zur Verf\u00fcgung gestellt. Oder wenn das nicht gew\u00fcnscht ist auf USB Stick ausgeh\u00e4ndigt.<\/em><\/p>\n<p><strong>Unlimited?<\/strong><\/p>\n<p style=\"text-align: justify;\"><em>im Durchschnitt hat die Erfahrung gezeigt, das 2-3 Fotos pro Person v\u00f6llig ausreichend sind. Die einen machen mehr Fotos, die anderen keine. W<\/em><em>enn ihr euch dennoch unsicher seid, bucht das Unlimited Paket. Dann gibt es bei der Anzahl an Drucke keine Begrenzung. Da das Mediakit des Druckers auf 400 Ausdrucke begrenzt ist, ist jemand von uns vor Ort oder auf Wunsch werdet ihr angelernt das Mediakit selbst wechseln zu k\u00f6nnen und das Hintergrundsystem ist auch inklusive.<\/em><\/p>\n<\/div>\n<\/div>\n<\/div>\n<\/div>\n<\/div>\n<div  class=\"one withsmallpadding ppb_text\" style=\"padding:30px 0 30px 0;\" >\n<div class=\"standard_wrapper\">\n<div class=\"page_content_wrapper\">\n<div class=\"inner\">\n<div style=\"margin:auto;width:100%\">\n<p><em><strong><span style=\"color: #222222;\">Gerne bieten wir euch diverse Vorlagen zur Auswahl an, nat\u00fcrlich erstellen wir auch individuell nach euren W\u00fcnschen eine Vorlage.<\/span><\/strong><\/em><\/p>\n<\/div>\n<\/div>\n<\/div>\n<\/div>\n<\/div>\n<div class=\"standard_wrapper\">\n<div  class=\"one\" style=\"padding:30px 0 30px 0;\" >\n<div class=\"page_content_wrapper\">\n<div class=\"inner\">\n<div class=\"one_third\">\n<div class=\"image_classic_frame expand\">\n<div class=\"image_wrapper\"><img decoding=\"async\" src=\"https:\/\/www.holgerkuesters.com\/wp-content\/uploads\/2024\/09\/20240929_185921_583.jpg\" alt=\"\" class=\"preview\"\/><\/div>\n<\/div>\n<\/div>\n<div class=\"one_third\">\n<div class=\"image_classic_frame expand\">\n<div class=\"image_wrapper\"><img decoding=\"async\" src=\"https:\/\/www.holgerkuesters.com\/wp-content\/uploads\/2024\/09\/20240929_185609_898.jpg\" alt=\"\" class=\"preview\"\/><\/div>\n<\/div>\n<\/div>\n<div class=\"one_third last\">\n<div class=\"image_classic_frame expand\">\n<div class=\"image_wrapper\"><img decoding=\"async\" src=\"https:\/\/www.holgerkuesters.com\/wp-content\/uploads\/2025\/01\/petra70.jpg\" alt=\"\" class=\"preview\"\/><\/div>\n<\/div>\n<\/div>\n<\/div>\n<\/div>\n<\/div>\n<\/div>\n<div class=\"standard_wrapper\">\n<div  class=\"one\" style=\"padding:30px 0 30px 0;\" >\n<div class=\"page_content_wrapper\">\n<div class=\"inner\">\n<div class=\"one_third\">\n<div class=\"image_classic_frame expand\">\n<div class=\"image_wrapper\"><img decoding=\"async\" src=\"https:\/\/www.holgerkuesters.com\/wp-content\/uploads\/2024\/09\/20240929_185645_959.jpg\" alt=\"\" class=\"preview\"\/><\/div>\n<\/div>\n<\/div>\n<div class=\"one_third\">\n<div class=\"image_classic_frame expand\">\n<div class=\"image_wrapper\"><img decoding=\"async\" src=\"https:\/\/www.holgerkuesters.com\/wp-content\/uploads\/2024\/09\/IMG_6476.jpg\" alt=\"\" class=\"preview\"\/><\/div>\n<\/div>\n<\/div>\n<div class=\"one_third last\"><\/div>\n<\/div>\n<\/div>\n<\/div>\n<\/div>\n<div class=\"standard_wrapper\">\n<div  class=\"one\" style=\"padding:10px 0 10px 0;\" >\n<div class=\"page_content_wrapper\">\n<div class=\"inner\">\n<div class=\"one_third\">\n<div class=\"image_classic_frame expand\">\n<div class=\"image_wrapper\"><img decoding=\"async\" src=\"https:\/\/www.holgerkuesters.com\/wp-content\/uploads\/2025\/08\/Weddingquer.jpg\" alt=\"\" class=\"preview\"\/><\/div>\n<\/div>\n<\/div>\n<div class=\"one_third\">\n<div class=\"image_classic_frame expand\">\n<div class=\"image_wrapper\"><img decoding=\"async\" src=\"https:\/\/www.holgerkuesters.com\/wp-content\/uploads\/2025\/08\/Simple_wed_2x.jpg\" alt=\"\" class=\"preview\"\/><\/div>\n<\/div>\n<\/div>\n<div class=\"one_third last\">\n<div class=\"image_classic_frame expand\">\n<div class=\"image_wrapper\"><img decoding=\"async\" src=\"https:\/\/www.holgerkuesters.com\/wp-content\/uploads\/2024\/09\/20240929_185833_180.jpg\" alt=\"\" class=\"preview\"\/><\/div>\n<\/div>\n<\/div>\n<\/div>\n<\/div>\n<\/div>\n<\/div>\n","protected":false},"excerpt":{"rendered":"","protected":false},"author":1,"featured_media":0,"parent":0,"menu_order":0,"comment_status":"closed","ping_status":"closed","template":"","meta":{"footnotes":""},"class_list":["post-6620","page","type-page","status-publish","hentry"],"aioseo_notices":[],"_links":{"self":[{"href":"https:\/\/www.holgerkuesters.com\/index.php?rest_route=\/wp\/v2\/pages\/6620","targetHints":{"allow":["GET"]}}],"collection":[{"href":"https:\/\/www.holgerkuesters.com\/index.php?rest_route=\/wp\/v2\/pages"}],"about":[{"href":"https:\/\/www.holgerkuesters.com\/index.php?rest_route=\/wp\/v2\/types\/page"}],"author":[{"embeddable":true,"href":"https:\/\/www.holgerkuesters.com\/index.php?rest_route=\/wp\/v2\/users\/1"}],"replies":[{"embeddable":true,"href":"https:\/\/www.holgerkuesters.com\/index.php?rest_route=%2Fwp%2Fv2%2Fcomments&post=6620"}],"version-history":[{"count":102,"href":"https:\/\/www.holgerkuesters.com\/index.php?rest_route=\/wp\/v2\/pages\/6620\/revisions"}],"predecessor-version":[{"id":7318,"href":"https:\/\/www.holgerkuesters.com\/index.php?rest_route=\/wp\/v2\/pages\/6620\/revisions\/7318"}],"wp:attachment":[{"href":"https:\/\/www.holgerkuesters.com\/index.php?rest_route=%2Fwp%2Fv2%2Fmedia&parent=6620"}],"curies":[{"name":"wp","href":"https:\/\/api.w.org\/{rel}","templated":true}]}}