{"id":7286,"date":"2026-03-10T12:05:42","date_gmt":"2026-03-10T11:05:42","guid":{"rendered":"https:\/\/www.holgerkuesters.com\/?page_id=7286"},"modified":"2026-03-12T12:04:03","modified_gmt":"2026-03-12T11:04:03","slug":"fotobox-anfrage","status":"publish","type":"page","link":"https:\/\/www.holgerkuesters.com\/?page_id=7286","title":{"rendered":"Fotobox-Anfrage"},"content":{"rendered":"<div  class=\"one withsmallpadding ppb_text\" style=\"padding:30px 0 30px 0;\" >\n<div class=\"standard_wrapper\">\n<div class=\"page_content_wrapper\">\n<div class=\"inner\">\n<div style=\"margin:auto;width:100%\">\n<h3 style=\"text-align: center;\">Fotobox &#8211; Anfrageformular<\/h3>\n<\/div>\n<\/div>\n<\/div>\n<\/div>\n<\/div>\n<div class=\"standard_wrapper\">\n<div  class=\"one_half withsmallpadding ppb_text\" style=\"padding:30px 0 30px 0;\" >\n<div class=\"standard_wrapper\">\n<div class=\"page_content_wrapper\">\n<div class=\"inner\">\n<div style=\"margin:auto;width:100%\">\n<h3 style=\"text-align: center;\">Fotobox Bedingungen:<\/h3>\n<p>\u00a0<\/p>\n<ul>\n<li><strong>Aufstellort: <\/strong> F\u00fcr den Betrieb der Fotobox ist ein Platz von mindestens 3x3m notwendig, es muss ein Stromanschluss im Umkreis von 5m verf\u00fcgbar sein und der Aufstellort muss sicher sein. (Stolpergefahr, Wasser, Dreck, \u2026 sind zu verhindern)<\/li>\n<\/ul>\n<p>\u00a0<\/p>\n<ul>\n<li><strong>Ausr\u00fcstung: <\/strong>Alle Ger\u00e4te, Kameras, Beleuchtung, Requisiten, Hintergrundsystem,\u2026 sind Eigentum vom Vermieter und m\u00fcssen vor Ort bleiben. Der Mieter ist verantwortlich f\u00fcr alle Verluste aufgrund von Diebstahl, Vandalismus oder Missbrauch.<\/li>\n<\/ul>\n<p>\u00a0<\/p>\n<ul>\n<li><strong>Bildlieferung: <\/strong>Der Vermieter ist nicht daf\u00fcr verantwortlich, was die G\u00e4ste nach Erhalt des Fotos damit machen. Nach Erhalt des Download Links oder des Ausdruckes \u00fcbernimmt der Mieter die gesamte Verantwortung \/ Haftung f\u00fcr die Fotos.<\/li>\n<\/ul>\n<p>\u00a0<\/p>\n<ul>\n<li><strong>Anlieferung: <\/strong><em>Lieferung und Abbau erfolgt vom Vermieter, die Anlieferung innerhalb 15km um Unna ist frei, dann 0,70\u20ac\/km.<\/em><\/li>\n<\/ul>\n<p>\u00a0<\/p>\n<ul>\n<li><strong>Bildrechte: <\/strong>Alle Bildrechte gehen nach Bezahlung an dem Mieter \u00fcber.<\/li>\n<\/ul>\n<p>\u00a0<\/p>\n<ul>\n<li><strong>Haftung: <\/strong>Bei nicht vorhersehbaren Umst\u00e4nden wie technologische St\u00f6rungen, Datenverlust ohne Verschulden vom Vermieter, ist die Haftung ausgeschlossen. Der Mieter erkl\u00e4rt sich damit einverstanden, den Vermieter f\u00fcr Verletzungen, Sachsch\u00e4den, Haftungen, Anspr\u00fcche oder anderen Klagen, die sich aus oder im Zusammenhang mit dem Vermieter zu entsch\u00e4digen, zu verteidigen und schadlos zu halten. Der Mieter ist f\u00fcr Sch\u00e4den verantwortlich, die durch eine unsachgem\u00e4\u00dfe Nutzung entstehen.<\/li>\n<\/ul>\n<p>\u00a0<\/p>\n<ul>\n<li><strong>Stornierung: <\/strong>Die Anzahlung ist nicht erstattungsf\u00e4hig. Alle Stornierungen m\u00fcssen sp\u00e4testens 10 Tage vor dem Eventdatum eingehen. Wenn die Stornierung sp\u00e4ter erfolgt, werden 80% des Gesamtbetrags berechnet. Sollte eine \u00c4nderung des Eventdatums notwendig sein, so wird der Vermieter versuchen dieser nach Verf\u00fcgbarkeit zu folgen. Ist dies nicht m\u00f6glich, so gelten die Stornierungsbedingungen.<\/li>\n<\/ul>\n<p>\u00a0<\/p>\n<ul>\n<li><strong>Salvatorische Klausel: <\/strong>Sollten einzelne Bestimmungen dieses Vertrages unwirksam sein, bleibt die G\u00fcltigkeit des Vertrages im \u00dcbrigen davon unber\u00fchrt. Die unwirksame Bestimmung ist durch eine Bestimmung zu ersetzen, die dem in rechtlich zul\u00e4ssiger Weise wirtschaftlich am n\u00e4chsten kommt, was die Parteien mit der unwirksamen Vereinbarung bezweckt haben.<\/li>\n<\/ul>\n<\/div>\n<\/div>\n<\/div>\n<\/div>\n<\/div>\n<\/div>\n<div class=\"standard_wrapper\">\n<div  class=\"one_half last withsmallpadding ppb_text\" style=\"padding:30px 0 30px 0;\" >\n<div class=\"standard_wrapper\">\n<div class=\"page_content_wrapper\">\n<div class=\"inner\">\n<div style=\"margin:auto;width:100%\">\n<div class=\"wpcf7 no-js\" id=\"wpcf7-f7285-o1\" lang=\"de-DE\" dir=\"ltr\" data-wpcf7-id=\"7285\">\n<div class=\"screen-reader-response\">\n<p role=\"status\" aria-live=\"polite\" aria-atomic=\"true\">\n<ul><\/ul>\n<\/div>\n<form action=\"\/wp-admin\/post.php#wpcf7-f7285-o1\" method=\"post\" class=\"wpcf7-form init\" aria-label=\"Kontaktformular\" novalidate=\"novalidate\" data-status=\"init\">\n<fieldset class=\"hidden-fields-container\"><input type=\"hidden\" name=\"_wpcf7\" value=\"7285\" \/><input type=\"hidden\" name=\"_wpcf7_version\" value=\"6.1.5\" \/><input type=\"hidden\" name=\"_wpcf7_locale\" value=\"de_DE\" \/><input type=\"hidden\" name=\"_wpcf7_unit_tag\" value=\"wpcf7-f7285-o1\" \/><input type=\"hidden\" name=\"_wpcf7_container_post\" value=\"0\" \/><input type=\"hidden\" name=\"_wpcf7_posted_data_hash\" value=\"\" \/><br \/>\n<\/fieldset>\n<p><label><span class=\"wpcf7-form-control-wrap\" data-name=\"acceptance-242\"><span class=\"wpcf7-form-control wpcf7-acceptance\"><span class=\"wpcf7-list-item\"><label><input type=\"checkbox\" name=\"acceptance-242\" value=\"1\" aria-invalid=\"false\" \/><span class=\"wpcf7-list-item-label\">Ich \/ Wir stimmen allen genannten Bedingungen zu.<\/span><\/label><\/span><\/span><\/span><\/label>\n<\/p>\n<p><label> Eventdatum:<br \/>\n<span class=\"wpcf7-form-control-wrap\" data-name=\"eventdate-154\"><input class=\"wpcf7-form-control wpcf7-date wpcf7-validates-as-required wpcf7-validates-as-date\" aria-required=\"true\" aria-invalid=\"false\" value=\"\" type=\"date\" name=\"eventdate-154\" \/><\/span> <\/label>\n<\/p>\n<p><label> Uhrzeit von &#8211; bis:<br \/>\n<span class=\"wpcf7-form-control-wrap\" data-name=\"fotobox-zeit\"><input size=\"40\" maxlength=\"400\" class=\"wpcf7-form-control wpcf7-text wpcf7-validates-as-required\" autocomplete=\"name\" aria-required=\"true\" aria-invalid=\"false\" value=\"\" type=\"text\" name=\"fotobox-zeit\" \/><\/span> <\/label>\n<\/p>\n<p><label> Anzahl G\u00e4ste:<br \/>\n<span class=\"wpcf7-form-control-wrap\" data-name=\"fotobox-anzahl-gast\"><input size=\"40\" maxlength=\"400\" class=\"wpcf7-form-control wpcf7-text wpcf7-validates-as-required\" autocomplete=\"name\" aria-required=\"true\" aria-invalid=\"false\" value=\"\" type=\"text\" name=\"fotobox-anzahl-gast\" \/><\/span> <\/label>\n<\/p>\n<p><label> Mieter (Name):<br \/>\n<span class=\"wpcf7-form-control-wrap\" data-name=\"mieter-name\"><input size=\"40\" maxlength=\"400\" class=\"wpcf7-form-control wpcf7-text wpcf7-validates-as-required\" autocomplete=\"name\" aria-required=\"true\" aria-invalid=\"false\" value=\"\" type=\"text\" name=\"mieter-name\" \/><\/span> <\/label>\n<\/p>\n<p><label> Mieter Adresse:<br \/>\n<span class=\"wpcf7-form-control-wrap\" data-name=\"mieteradresse\"><input size=\"40\" maxlength=\"400\" class=\"wpcf7-form-control wpcf7-text wpcf7-validates-as-required\" autocomplete=\"name\" aria-required=\"true\" aria-invalid=\"false\" value=\"\" type=\"text\" name=\"mieteradresse\" \/><\/span> <\/label>\n<\/p>\n<p><label> Mieter Telefonnr:<br \/>\n<span class=\"wpcf7-form-control-wrap\" data-name=\"tel-885\"><input size=\"40\" maxlength=\"400\" class=\"wpcf7-form-control wpcf7-tel wpcf7-validates-as-required wpcf7-text wpcf7-validates-as-tel\" aria-required=\"true\" aria-invalid=\"false\" value=\"\" type=\"tel\" name=\"tel-885\" \/><\/span> <\/label>\n<\/p>\n<p><label> Aufstell Adresse:<br \/>\n<span class=\"wpcf7-form-control-wrap\" data-name=\"aufstelladresse\"><input size=\"40\" maxlength=\"400\" class=\"wpcf7-form-control wpcf7-text wpcf7-validates-as-required\" autocomplete=\"name\" aria-required=\"true\" aria-invalid=\"false\" value=\"\" type=\"text\" name=\"aufstelladresse\" \/><\/span> <\/label>\n<\/p>\n<p><label> Aufstell Zeit (ab wann kann aufgebaut werden):<br \/>\n<span class=\"wpcf7-form-control-wrap\" data-name=\"aufstellzeit\"><input size=\"40\" maxlength=\"400\" class=\"wpcf7-form-control wpcf7-text wpcf7-validates-as-required\" autocomplete=\"name\" aria-required=\"true\" aria-invalid=\"false\" value=\"\" type=\"text\" name=\"aufstellzeit\" \/><\/span> <\/label>\n<\/p>\n<p><label> Abbau Zeit (Abholung gleicher Tag \/ n\u00e4chsten Tag (Uhrzeit):<br \/>\n<span class=\"wpcf7-form-control-wrap\" data-name=\"abbauzeit\"><input size=\"40\" maxlength=\"400\" class=\"wpcf7-form-control wpcf7-text wpcf7-validates-as-required\" autocomplete=\"name\" aria-required=\"true\" aria-invalid=\"false\" value=\"\" type=\"text\" name=\"abbauzeit\" \/><\/span> <\/label>\n<\/p>\n<p><label> Art des Events:<br \/>\n<span class=\"wpcf7-form-control-wrap\" data-name=\"art-event\"><input size=\"40\" maxlength=\"400\" class=\"wpcf7-form-control wpcf7-text wpcf7-validates-as-required\" autocomplete=\"name\" aria-required=\"true\" aria-invalid=\"false\" value=\"\" type=\"text\" name=\"art-event\" \/><\/span> <\/label>\n<\/p>\n<p><label> Deine E-Mail-Adresse<br \/>\n<span class=\"wpcf7-form-control-wrap\" data-name=\"emailkunde\"><input size=\"40\" maxlength=\"400\" class=\"wpcf7-form-control wpcf7-email wpcf7-validates-as-required wpcf7-text wpcf7-validates-as-email\" autocomplete=\"email\" aria-required=\"true\" aria-invalid=\"false\" value=\"\" type=\"email\" name=\"emailkunde\" \/><\/span> <\/label>\n<\/p>\n<p><label>Paketauswahl:<\/label><br \/>\n<span class=\"wpcf7-form-control-wrap\" data-name=\"paketauswahl\"><span class=\"wpcf7-form-control wpcf7-radio\"><span class=\"wpcf7-list-item first\"><label><input type=\"radio\" name=\"paketauswahl\" value=\"Basic - 199\u20ac\" \/><span class=\"wpcf7-list-item-label\">Basic &#8211; 199\u20ac<\/span><\/label><\/span><span class=\"wpcf7-list-item\"><label><input type=\"radio\" name=\"paketauswahl\" value=\"Pro - 299\u20ac\" \/><span class=\"wpcf7-list-item-label\">Pro &#8211; 299\u20ac<\/span><\/label><\/span><span class=\"wpcf7-list-item last\"><label><input type=\"radio\" name=\"paketauswahl\" value=\"Unlimited - Preis auf Anfrage\" \/><span class=\"wpcf7-list-item-label\">Unlimited &#8211; Preis auf Anfrage<\/span><\/label><\/span><\/span><\/span>\n<\/p>\n<p><label>Optionen:<\/label><br \/>\n<span class=\"wpcf7-form-control-wrap\" data-name=\"checkbox-qr\"><span class=\"wpcf7-form-control wpcf7-checkbox\"><span class=\"wpcf7-list-item first last\"><label><input type=\"checkbox\" name=\"checkbox-qr[]\" value=\"Foto per QR-Code aufs HAndy (WLAN Notwendig)\" \/><span class=\"wpcf7-list-item-label\">Foto per QR-Code aufs HAndy (WLAN Notwendig)<\/span><\/label><\/span><\/span><\/span><br \/>\n<span class=\"wpcf7-form-control-wrap\" data-name=\"checkbox-sofortdruck\"><span class=\"wpcf7-form-control wpcf7-checkbox\"><span class=\"wpcf7-list-item first last\"><label><input type=\"checkbox\" name=\"checkbox-sofortdruck[]\" value=\"Ausdruck sofort\" \/><span class=\"wpcf7-list-item-label\">Ausdruck sofort<\/span><\/label><\/span><\/span><\/span><br \/>\n<span class=\"wpcf7-form-control-wrap\" data-name=\"checkbox-buttondruck\"><span class=\"wpcf7-form-control wpcf7-checkbox\"><span class=\"wpcf7-list-item first last\"><label><input type=\"checkbox\" name=\"checkbox-buttondruck[]\" value=\"Ausdruck pro Foto bestimmen (spart Anzahl der Ausdrucke)\" \/><span class=\"wpcf7-list-item-label\">Ausdruck pro Foto bestimmen (spart Anzahl der Ausdrucke)<\/span><\/label><\/span><\/span><\/span><br \/>\n<span class=\"wpcf7-form-control-wrap\" data-name=\"checkbox-hintergrd-black\"><span class=\"wpcf7-form-control wpcf7-checkbox\"><span class=\"wpcf7-list-item first last\"><label><input type=\"checkbox\" name=\"checkbox-hintergrd-black[]\" value=\"Hintergrundsystem - schwarzer Stoff + 25\u20ac\" \/><span class=\"wpcf7-list-item-label\">Hintergrundsystem &#8211; schwarzer Stoff + 25\u20ac<\/span><\/label><\/span><\/span><\/span><br \/>\n<span class=\"wpcf7-form-control-wrap\" data-name=\"checkbox-hintergrd-grau\"><span class=\"wpcf7-form-control wpcf7-checkbox\"><span class=\"wpcf7-list-item first last\"><label><input type=\"checkbox\" name=\"checkbox-hintergrd-grau[]\" value=\"Hintergrundsystem - grauer Stoff + 25\u20ac\" \/><span class=\"wpcf7-list-item-label\">Hintergrundsystem &#8211; grauer Stoff + 25\u20ac<\/span><\/label><\/span><\/span><\/span><br \/>\n<span class=\"wpcf7-form-control-wrap\" data-name=\"checkbox-hintergrd-blackgl\"><span class=\"wpcf7-form-control wpcf7-checkbox\"><span class=\"wpcf7-list-item first last\"><label><input type=\"checkbox\" name=\"checkbox-hintergrd-blackgl[]\" value=\"Hintergrundsystem - schwarzer Stoff mit Glitzeroptik + 25\u20ac\" \/><span class=\"wpcf7-list-item-label\">Hintergrundsystem &#8211; schwarzer Stoff mit Glitzeroptik + 25\u20ac<\/span><\/label><\/span><\/span><\/span><br \/>\n<span class=\"wpcf7-form-control-wrap\" data-name=\"checkbox-hintergrd-white\"><span class=\"wpcf7-form-control wpcf7-checkbox\"><span class=\"wpcf7-list-item first last\"><label><input type=\"checkbox\" name=\"checkbox-hintergrd-white[]\" value=\"Hintergrundsystem - wei\u00dfer\/creme Stoff + 25\u20ac\" \/><span class=\"wpcf7-list-item-label\">Hintergrundsystem &#8211; wei\u00dfer\/creme Stoff + 25\u20ac<\/span><\/label><\/span><\/span><\/span>\n<\/p>\n<p><label> Bemerkungen \/ W\u00fcnsche:<br \/>\n<span class=\"wpcf7-form-control-wrap\" data-name=\"fotobox-bemerkung\"><input size=\"40\" maxlength=\"400\" class=\"wpcf7-form-control wpcf7-text\" aria-invalid=\"false\" value=\"\" type=\"text\" name=\"fotobox-bemerkung\" \/><\/span> <\/label>\n<\/p>\n<p><label><span class=\"wpcf7-form-control-wrap\" data-name=\"acceptance-229\"><span class=\"wpcf7-form-control wpcf7-acceptance\"><span class=\"wpcf7-list-item\"><label><input type=\"checkbox\" name=\"acceptance-229\" value=\"1\" aria-invalid=\"false\" \/><span class=\"wpcf7-list-item-label\">Hiermit akzeptiere ich \/ wir, dass personenbezogene Daten f\u00fcr die Anfrage gespeichert werden.<\/span><\/label><\/span><\/span><\/span><\/label>\n<\/p>\n<p><input class=\"wpcf7-form-control wpcf7-submit has-spinner\" type=\"submit\" value=\"Senden\" \/>\n<\/p>\n<div class=\"wpcf7-response-output\" aria-hidden=\"true\"><\/div>\n<\/form>\n<\/div>\n<\/div>\n<\/div>\n<\/div>\n<\/div>\n<\/div>\n<\/div>\n","protected":false},"excerpt":{"rendered":"","protected":false},"author":1,"featured_media":0,"parent":0,"menu_order":0,"comment_status":"closed","ping_status":"closed","template":"","meta":{"footnotes":""},"class_list":["post-7286","page","type-page","status-publish","hentry"],"aioseo_notices":[],"_links":{"self":[{"href":"https:\/\/www.holgerkuesters.com\/index.php?rest_route=\/wp\/v2\/pages\/7286","targetHints":{"allow":["GET"]}}],"collection":[{"href":"https:\/\/www.holgerkuesters.com\/index.php?rest_route=\/wp\/v2\/pages"}],"about":[{"href":"https:\/\/www.holgerkuesters.com\/index.php?rest_route=\/wp\/v2\/types\/page"}],"author":[{"embeddable":true,"href":"https:\/\/www.holgerkuesters.com\/index.php?rest_route=\/wp\/v2\/users\/1"}],"replies":[{"embeddable":true,"href":"https:\/\/www.holgerkuesters.com\/index.php?rest_route=%2Fwp%2Fv2%2Fcomments&post=7286"}],"version-history":[{"count":13,"href":"https:\/\/www.holgerkuesters.com\/index.php?rest_route=\/wp\/v2\/pages\/7286\/revisions"}],"predecessor-version":[{"id":7301,"href":"https:\/\/www.holgerkuesters.com\/index.php?rest_route=\/wp\/v2\/pages\/7286\/revisions\/7301"}],"wp:attachment":[{"href":"https:\/\/www.holgerkuesters.com\/index.php?rest_route=%2Fwp%2Fv2%2Fmedia&parent=7286"}],"curies":[{"name":"wp","href":"https:\/\/api.w.org\/{rel}","templated":true}]}}